{"id":11,"date":"2025-08-09T10:05:41","date_gmt":"2025-08-09T08:05:41","guid":{"rendered":"https:\/\/klemrad.pl\/?page_id=11"},"modified":"2025-08-11T12:35:30","modified_gmt":"2025-08-11T10:35:30","slug":"strona-glowna","status":"publish","type":"page","link":"https:\/\/klemrad.pl\/","title":{"rendered":"Strona G\u0142\u00f3wna"},"content":{"rendered":"\t\t<div data-elementor-type=\"wp-page\" data-elementor-id=\"11\" class=\"elementor elementor-11\">\n\t\t\t\t<div class=\"elementor-element elementor-element-9c7972d e-flex e-con-boxed e-con e-parent\" data-id=\"9c7972d\" data-element_type=\"container\" data-settings=\"{&quot;background_background&quot;:&quot;gradient&quot;}\">\n\t\t\t\t\t<div class=\"e-con-inner\">\n\t\t<div class=\"elementor-element elementor-element-d748707 e-con-full e-flex e-con e-child\" data-id=\"d748707\" data-element_type=\"container\">\n\t\t\t\t<div class=\"elementor-element elementor-element-67157d1 elementor-widget elementor-widget-image\" data-id=\"67157d1\" data-element_type=\"widget\" data-widget_type=\"image.default\">\n\t\t\t\t\t\t\t\t\t\t\t\t\t\t\t<img fetchpriority=\"high\" decoding=\"async\" width=\"759\" height=\"144\" src=\"https:\/\/klemrad.pl\/wp-content\/uploads\/2025\/08\/KLEMRAD-net.png\" class=\"attachment-large size-large wp-image-15\" alt=\"\" srcset=\"https:\/\/klemrad.pl\/wp-content\/uploads\/2025\/08\/KLEMRAD-net.png 759w, https:\/\/klemrad.pl\/wp-content\/uploads\/2025\/08\/KLEMRAD-net-300x57.png 300w\" sizes=\"(max-width: 759px) 100vw, 759px\" \/>\t\t\t\t\t\t\t\t\t\t\t\t\t\t\t<\/div>\n\t\t\t\t<\/div>\n\t\t<div class=\"elementor-element elementor-element-a005843 e-con-full e-flex e-con e-child\" data-id=\"a005843\" data-element_type=\"container\">\n\t\t\t\t<div class=\"elementor-element elementor-element-17cf86f elementor-mobile-align-center elementor-widget elementor-widget-button\" data-id=\"17cf86f\" data-element_type=\"widget\" data-widget_type=\"button.default\">\n\t\t\t\t\t\t\t\t\t\t<a class=\"elementor-button elementor-button-link elementor-size-sm\" href=\"tel:+48609813970\">\n\t\t\t\t\t\t<span class=\"elementor-button-content-wrapper\">\n\t\t\t\t\t\t\t\t\t<span class=\"elementor-button-text\">ZADZWO\u0143<\/span>\n\t\t\t\t\t<\/span>\n\t\t\t\t\t<\/a>\n\t\t\t\t\t\t\t\t<\/div>\n\t\t\t\t<div class=\"elementor-element elementor-element-c0a06e4 elementor-mobile-align-center elementor-widget elementor-widget-button\" data-id=\"c0a06e4\" data-element_type=\"widget\" data-widget_type=\"button.default\">\n\t\t\t\t\t\t\t\t\t\t<a class=\"elementor-button elementor-button-link elementor-size-sm\" href=\"mailto:%20klemrad@gmail.com\">\n\t\t\t\t\t\t<span class=\"elementor-button-content-wrapper\">\n\t\t\t\t\t\t\t\t\t<span class=\"elementor-button-text\">NAPISZ E-MAIL<\/span>\n\t\t\t\t\t<\/span>\n\t\t\t\t\t<\/a>\n\t\t\t\t\t\t\t\t<\/div>\n\t\t\t\t<div class=\"elementor-element elementor-element-6fd163e elementor-shape-rounded elementor-grid-0 e-grid-align-center elementor-widget elementor-widget-social-icons\" data-id=\"6fd163e\" data-element_type=\"widget\" data-widget_type=\"social-icons.default\">\n\t\t\t\t\t\t\t<div class=\"elementor-social-icons-wrapper elementor-grid\">\n\t\t\t\t\t\t\t<span class=\"elementor-grid-item\">\n\t\t\t\t\t<a class=\"elementor-icon elementor-social-icon elementor-social-icon-facebook elementor-repeater-item-36e982e\" href=\"https:\/\/www.facebook.com\/klemrad\" target=\"_blank\">\n\t\t\t\t\t\t<span class=\"elementor-screen-only\">Facebook<\/span>\n\t\t\t\t\t\t<svg class=\"e-font-icon-svg e-fab-facebook\" viewBox=\"0 0 512 512\" xmlns=\"http:\/\/www.w3.org\/2000\/svg\"><path d=\"M504 256C504 119 393 8 256 8S8 119 8 256c0 123.78 90.69 226.38 209.25 245V327.69h-63V256h63v-54.64c0-62.15 37-96.48 93.67-96.48 27.14 0 55.52 4.84 55.52 4.84v61h-31.28c-30.8 0-40.41 19.12-40.41 38.73V256h68.78l-11 71.69h-57.78V501C413.31 482.38 504 379.78 504 256z\"><\/path><\/svg>\t\t\t\t\t<\/a>\n\t\t\t\t<\/span>\n\t\t\t\t\t<\/div>\n\t\t\t\t\t\t<\/div>\n\t\t\t\t<\/div>\n\t\t\t\t\t<\/div>\n\t\t\t\t<\/div>\n\t\t<div class=\"elementor-element elementor-element-a3f8e64 e-flex e-con-boxed e-con e-parent\" data-id=\"a3f8e64\" data-element_type=\"container\">\n\t\t\t\t\t<div class=\"e-con-inner\">\n\t\t\t\t\t<\/div>\n\t\t\t\t<\/div>\n\t\t<div class=\"elementor-element elementor-element-ff6ef42 e-flex e-con-boxed e-con e-parent\" data-id=\"ff6ef42\" data-element_type=\"container\">\n\t\t\t\t\t<div class=\"e-con-inner\">\n\t\t\t\t<div class=\"elementor-element elementor-element-0a6164a elementor-widget elementor-widget-text-editor\" data-id=\"0a6164a\" data-element_type=\"widget\" data-widget_type=\"text-editor.default\">\n\t\t\t\t\t\t\t\t\t<p class=\"p1\"><b>KLEMRAD<\/b> \u2013 to zesp\u00f3\u0142 in\u017cynier\u00f3w, posiadaj\u0105cych uprawnienia projektowe i wykonawcze w zakresie architektury, konstrukcji, instalacji sanitarnych, elektrycznych i teletechnicznych. Wsp\u00f3\u0142pracujemy r\u00f3wnie\u017c z rzeczoznawcami w zakresie budowlanym, p\/po\u017c oraz w zakresie projektowania i nadzoru inwestorskiego teren\u00f3w zielonych.<\/p>\t\t\t\t\t\t\t\t<\/div>\n\t\t\t\t<div class=\"elementor-element elementor-element-56e3e32 elementor-widget-mobile__width-inherit elementor-hidden-desktop elementor-widget elementor-widget-image\" data-id=\"56e3e32\" data-element_type=\"widget\" data-settings=\"{&quot;_animation_mobile&quot;:&quot;fadeIn&quot;}\" data-widget_type=\"image.default\">\n\t\t\t\t\t\t\t\t\t\t\t\t\t\t\t<img decoding=\"async\" width=\"1024\" height=\"684\" src=\"https:\/\/klemrad.pl\/wp-content\/uploads\/2025\/08\/shutterstock_1135258877-1024x684.jpg\" class=\"attachment-large size-large wp-image-40\" alt=\"\" srcset=\"https:\/\/klemrad.pl\/wp-content\/uploads\/2025\/08\/shutterstock_1135258877-1024x684.jpg 1024w, https:\/\/klemrad.pl\/wp-content\/uploads\/2025\/08\/shutterstock_1135258877-300x200.jpg 300w, https:\/\/klemrad.pl\/wp-content\/uploads\/2025\/08\/shutterstock_1135258877-768x513.jpg 768w, https:\/\/klemrad.pl\/wp-content\/uploads\/2025\/08\/shutterstock_1135258877-1536x1025.jpg 1536w, https:\/\/klemrad.pl\/wp-content\/uploads\/2025\/08\/shutterstock_1135258877-2048x1367.jpg 2048w\" sizes=\"(max-width: 1024px) 100vw, 1024px\" \/>\t\t\t\t\t\t\t\t\t\t\t\t\t\t\t<\/div>\n\t\t\t\t\t<\/div>\n\t\t\t\t<\/div>\n\t\t<div class=\"elementor-element elementor-element-43cd627 e-con-full elementor-hidden-tablet elementor-hidden-mobile e-flex e-con e-parent\" data-id=\"43cd627\" data-element_type=\"container\" data-settings=\"{&quot;background_background&quot;:&quot;classic&quot;}\">\n\t\t\t\t<\/div>\n\t\t<div class=\"elementor-element elementor-element-fd6e16c e-flex e-con-boxed e-con e-parent\" data-id=\"fd6e16c\" data-element_type=\"container\">\n\t\t\t\t\t<div class=\"e-con-inner\">\n\t\t\t\t<div class=\"elementor-element elementor-element-feb420c elementor-widget elementor-widget-text-editor\" data-id=\"feb420c\" data-element_type=\"widget\" data-widget_type=\"text-editor.default\">\n\t\t\t\t\t\t\t\t\t<p class=\"p1\">Dzi\u0119ki wieloletniemu do\u015bwiadczeniu posiadamy kontakty z szerokim gronem wykonawc\u00f3w i dostawc\u00f3w, z kt\u00f3rych us\u0142ug cz\u0119sto korzystamy na co dzie\u0144. Staramy si\u0119 sprosta\u0107 indywidualnym oczekiwaniom poszczeg\u00f3lnych klient\u00f3w, poniewa\u017c skuteczne dzia\u0142anie daje nam osobist\u0105 satysfakcj\u0119. W osi\u0105gni\u0119ciu pozytywnych efekt\u00f3w pomaga nam wiedza i do\u015bwiadczenie, wzajemne pozytywne relacje, skuteczna komunikacja, koordynacja, wyobra\u017ania, a przede wszystkim &#8211; zdrowy rozs\u0105dek.<\/p>\t\t\t\t\t\t\t\t<\/div>\n\t\t\t\t\t<\/div>\n\t\t\t\t<\/div>\n\t\t<div class=\"elementor-element elementor-element-d4a23fb e-flex e-con-boxed e-con e-parent\" data-id=\"d4a23fb\" data-element_type=\"container\" data-settings=\"{&quot;background_background&quot;:&quot;classic&quot;}\">\n\t\t\t\t\t<div class=\"e-con-inner\">\n\t\t<div class=\"elementor-element elementor-element-dad0e18 e-con-full e-flex e-con e-child\" data-id=\"dad0e18\" data-element_type=\"container\">\n\t\t\t\t<div class=\"elementor-element elementor-element-5aae7a9 elementor-widget__width-initial elementor-widget elementor-widget-image\" data-id=\"5aae7a9\" data-element_type=\"widget\" data-widget_type=\"image.default\">\n\t\t\t\t\t\t\t\t\t\t\t\t\t\t\t<img decoding=\"async\" width=\"292\" height=\"357\" src=\"https:\/\/klemrad.pl\/wp-content\/uploads\/2025\/08\/KLEMRAD-logo-net.png\" class=\"attachment-large size-large wp-image-7\" alt=\"\" srcset=\"https:\/\/klemrad.pl\/wp-content\/uploads\/2025\/08\/KLEMRAD-logo-net.png 292w, https:\/\/klemrad.pl\/wp-content\/uploads\/2025\/08\/KLEMRAD-logo-net-245x300.png 245w\" sizes=\"(max-width: 292px) 100vw, 292px\" \/>\t\t\t\t\t\t\t\t\t\t\t\t\t\t\t<\/div>\n\t\t\t\t<div class=\"elementor-element elementor-element-6ba309c elementor-widget elementor-widget-text-editor\" data-id=\"6ba309c\" data-element_type=\"widget\" data-widget_type=\"text-editor.default\">\n\t\t\t\t\t\t\t\t\t<p><strong>BIURO KLEMRAD<\/strong><\/p><p class=\"p1\">ul. D\u0142uga 44\/50 lok. 405,<br \/>00\u2013241 Warszawa<br \/>tel.: <a href=\"http:\/\/TEL: +48609813970\" data-wplink-url-error=\"true\">609 813 970<\/a><br \/><a href=\"mailto:klemrad@gmail.com\">klemrad@gmail.com<\/a><\/p>\t\t\t\t\t\t\t\t<\/div>\n\t\t\t\t<\/div>\n\t\t<div class=\"elementor-element elementor-element-a5c0c17 e-con-full e-flex e-con e-child\" data-id=\"a5c0c17\" data-element_type=\"container\">\n\t\t\t\t<div class=\"elementor-element elementor-element-34e19b7 elementor-widget__width-initial elementor-widget elementor-widget-image\" data-id=\"34e19b7\" data-element_type=\"widget\" data-widget_type=\"image.default\">\n\t\t\t\t\t\t\t\t\t\t\t\t\t\t\t\t<a href=\"http:\/\/www.klemart.pl\">\n\t\t\t\t\t\t\t<img loading=\"lazy\" decoding=\"async\" width=\"127\" height=\"98\" src=\"https:\/\/klemrad.pl\/wp-content\/uploads\/2025\/08\/KAlogo.png\" class=\"attachment-large size-large wp-image-113\" alt=\"\" \/>\t\t\t\t\t\t\t\t<\/a>\n\t\t\t\t\t\t\t\t\t\t\t\t\t\t\t<\/div>\n\t\t\t\t<div class=\"elementor-element elementor-element-261d756 elementor-widget elementor-widget-text-editor\" data-id=\"261d756\" data-element_type=\"widget\" data-widget_type=\"text-editor.default\">\n\t\t\t\t\t\t\t\t\t<p><strong>PROJEKTOWANIE WN\u0118TRZ<br \/>KLEMRAD<\/strong><\/p><p class=\"p1\">tel. <a href=\"tel:+48226355912\">22 635 59 12<\/a>, \u2028<a href=\"tel:+48781115880\">781 115 880<\/a>, <br \/><a href=\"tel:+48509066898\">509 066 898<\/a><br \/><a href=\"mailto:kontakt@klemart.pl\">kontakt@klemart.pl<\/a><br \/><a href=\"mailto:maria@klemart.pl\">maria@klemart.pl<\/a><br \/><a href=\"mailto:magdalena@klemart.pl\">magdalena@klemart.pl<\/a><\/p><p><a href=\"http:\/\/www.klemart.pl\"><strong>klemart.pl<\/strong><\/a><\/p>\t\t\t\t\t\t\t\t<\/div>\n\t\t\t\t<\/div>\n\t\t\t\t\t<\/div>\n\t\t\t\t<\/div>\n\t\t\t\t<\/div>\n\t\t","protected":false},"excerpt":{"rendered":"<p>ZADZWO\u0143 NAPISZ E-MAIL Facebook KLEMRAD \u2013 to zesp\u00f3\u0142 in\u017cynier\u00f3w, posiadaj\u0105cych uprawnienia projektowe i wykonawcze w zakresie architektury, konstrukcji, instalacji sanitarnych, [&hellip;]<\/p>\n","protected":false},"author":1,"featured_media":0,"parent":0,"menu_order":0,"comment_status":"closed","ping_status":"closed","template":"","meta":{"site-sidebar-layout":"no-sidebar","site-content-layout":"","ast-site-content-layout":"full-width-container","site-content-style":"default","site-sidebar-style":"default","ast-global-header-display":"","ast-banner-title-visibility":"","ast-main-header-display":"","ast-hfb-above-header-display":"","ast-hfb-below-header-display":"","ast-hfb-mobile-header-display":"","site-post-title":"disabled","ast-breadcrumbs-content":"","ast-featured-img":"disabled","footer-sml-layout":"","theme-transparent-header-meta":"","adv-header-id-meta":"","stick-header-meta":"","header-above-stick-meta":"","header-main-stick-meta":"","header-below-stick-meta":"","astra-migrate-meta-layouts":"default","ast-page-background-enabled":"default","ast-page-background-meta":{"desktop":{"background-color":"var(--ast-global-color-5)","background-image":"","background-repeat":"repeat","background-position":"center center","background-size":"auto","background-attachment":"scroll","background-type":"","background-media":"","overlay-type":"","overlay-color":"","overlay-opacity":"","overlay-gradient":""},"tablet":{"background-color":"","background-image":"","background-repeat":"repeat","background-position":"center center","background-size":"auto","background-attachment":"scroll","background-type":"","background-media":"","overlay-type":"","overlay-color":"","overlay-opacity":"","overlay-gradient":""},"mobile":{"background-color":"","background-image":"","background-repeat":"repeat","background-position":"center center","background-size":"auto","background-attachment":"scroll","background-type":"","background-media":"","overlay-type":"","overlay-color":"","overlay-opacity":"","overlay-gradient":""}},"ast-content-background-meta":{"desktop":{"background-color":"var(--ast-global-color-4)","background-image":"","background-repeat":"repeat","background-position":"center center","background-size":"auto","background-attachment":"scroll","background-type":"","background-media":"","overlay-type":"","overlay-color":"","overlay-opacity":"","overlay-gradient":""},"tablet":{"background-color":"var(--ast-global-color-4)","background-image":"","background-repeat":"repeat","background-position":"center center","background-size":"auto","background-attachment":"scroll","background-type":"","background-media":"","overlay-type":"","overlay-color":"","overlay-opacity":"","overlay-gradient":""},"mobile":{"background-color":"var(--ast-global-color-4)","background-image":"","background-repeat":"repeat","background-position":"center center","background-size":"auto","background-attachment":"scroll","background-type":"","background-media":"","overlay-type":"","overlay-color":"","overlay-opacity":"","overlay-gradient":""}},"footnotes":""},"class_list":["post-11","page","type-page","status-publish","hentry"],"_links":{"self":[{"href":"https:\/\/klemrad.pl\/index.php?rest_route=\/wp\/v2\/pages\/11","targetHints":{"allow":["GET"]}}],"collection":[{"href":"https:\/\/klemrad.pl\/index.php?rest_route=\/wp\/v2\/pages"}],"about":[{"href":"https:\/\/klemrad.pl\/index.php?rest_route=\/wp\/v2\/types\/page"}],"author":[{"embeddable":true,"href":"https:\/\/klemrad.pl\/index.php?rest_route=\/wp\/v2\/users\/1"}],"replies":[{"embeddable":true,"href":"https:\/\/klemrad.pl\/index.php?rest_route=%2Fwp%2Fv2%2Fcomments&post=11"}],"version-history":[{"count":97,"href":"https:\/\/klemrad.pl\/index.php?rest_route=\/wp\/v2\/pages\/11\/revisions"}],"predecessor-version":[{"id":130,"href":"https:\/\/klemrad.pl\/index.php?rest_route=\/wp\/v2\/pages\/11\/revisions\/130"}],"wp:attachment":[{"href":"https:\/\/klemrad.pl\/index.php?rest_route=%2Fwp%2Fv2%2Fmedia&parent=11"}],"curies":[{"name":"wp","href":"https:\/\/api.w.org\/{rel}","templated":true}]}}